{"id":27,"date":"2024-03-13T17:21:54","date_gmt":"2024-03-13T16:21:54","guid":{"rendered":"https:\/\/viabat.fr\/?page_id=27"},"modified":"2025-02-27T20:20:29","modified_gmt":"2025-02-27T19:20:29","slug":"elementor-27","status":"publish","type":"page","link":"https:\/\/viabat.fr\/","title":{"rendered":"Accueil"},"content":{"rendered":"\t\t<div data-elementor-type=\"wp-post\" data-elementor-id=\"27\" class=\"elementor elementor-27\">\n\t\t\t\t<div class=\"elementor-element elementor-element-173890e e-flex e-con-boxed e-con e-parent\" data-id=\"173890e\" data-element_type=\"container\">\n\t\t\t\t\t<div class=\"e-con-inner\">\n\t\t\t\t<div class=\"elementor-element elementor-element-ef5e1e2 elementor-arrows-position-inside elementor-pagination-position-outside elementor-widget elementor-widget-image-carousel\" data-id=\"ef5e1e2\" data-element_type=\"widget\" data-settings=\"{&quot;navigation&quot;:&quot;both&quot;,&quot;autoplay&quot;:&quot;yes&quot;,&quot;pause_on_hover&quot;:&quot;yes&quot;,&quot;pause_on_interaction&quot;:&quot;yes&quot;,&quot;autoplay_speed&quot;:5000,&quot;infinite&quot;:&quot;yes&quot;,&quot;speed&quot;:500}\" data-widget_type=\"image-carousel.default\">\n\t\t\t\t<div class=\"elementor-widget-container\">\n\t\t\t\t\t\t\t<div class=\"elementor-image-carousel-wrapper swiper\" role=\"region\" aria-roledescription=\"carousel\" aria-label=\"Image Carousel\" dir=\"ltr\">\n\t\t\t<div class=\"elementor-image-carousel swiper-wrapper\" aria-live=\"off\">\n\t\t\t\t\t\t\t\t<div class=\"swiper-slide\" role=\"group\" aria-roledescription=\"slide\" aria-label=\"1 of 5\"><figure class=\"swiper-slide-inner\"><img decoding=\"async\" class=\"swiper-slide-image\" src=\"https:\/\/viabat.fr\/wp-content\/uploads\/2025\/02\/54b3e1d5-888f-42d1-8388-5a8fdede20d6-2.jpeg\" alt=\"54b3e1d5-888f-42d1-8388-5a8fdede20d6\" \/><\/figure><\/div><div class=\"swiper-slide\" role=\"group\" aria-roledescription=\"slide\" aria-label=\"2 of 5\"><figure class=\"swiper-slide-inner\"><img decoding=\"async\" class=\"swiper-slide-image\" src=\"https:\/\/viabat.fr\/wp-content\/uploads\/2025\/02\/37e39826-c213-4cee-aa24-d2f25af8a052-2.jpeg\" alt=\"37e39826-c213-4cee-aa24-d2f25af8a052\" \/><\/figure><\/div><div class=\"swiper-slide\" role=\"group\" aria-roledescription=\"slide\" aria-label=\"3 of 5\"><figure class=\"swiper-slide-inner\"><img decoding=\"async\" class=\"swiper-slide-image\" src=\"https:\/\/viabat.fr\/wp-content\/uploads\/2025\/02\/34d7306e-6167-4206-abaa-64b6d33bf5b0-2-768x1662.jpeg\" alt=\"34d7306e-6167-4206-abaa-64b6d33bf5b0\" \/><\/figure><\/div><div class=\"swiper-slide\" role=\"group\" aria-roledescription=\"slide\" aria-label=\"4 of 5\"><figure class=\"swiper-slide-inner\"><img decoding=\"async\" class=\"swiper-slide-image\" src=\"https:\/\/viabat.fr\/wp-content\/uploads\/2025\/02\/5078ef0a-8ed9-4f93-b09e-fddd0c39f5b5-2.jpeg\" alt=\"5078ef0a-8ed9-4f93-b09e-fddd0c39f5b5\" \/><\/figure><\/div><div class=\"swiper-slide\" role=\"group\" aria-roledescription=\"slide\" aria-label=\"5 of 5\"><figure class=\"swiper-slide-inner\"><img decoding=\"async\" class=\"swiper-slide-image\" src=\"https:\/\/viabat.fr\/wp-content\/uploads\/2025\/02\/5081eca5-da52-42e0-8b27-df1c472553ac-2-768x1662.jpeg\" alt=\"5081eca5-da52-42e0-8b27-df1c472553ac\" \/><\/figure><\/div>\t\t\t<\/div>\n\t\t\t\t\t\t\t\t\t\t\t\t<div class=\"elementor-swiper-button elementor-swiper-button-prev\" role=\"button\" tabindex=\"0\">\n\t\t\t\t\t\t<svg aria-hidden=\"true\" class=\"e-font-icon-svg e-eicon-chevron-left\" viewBox=\"0 0 1000 1000\" xmlns=\"http:\/\/www.w3.org\/2000\/svg\"><path d=\"M646 125C629 125 613 133 604 142L308 442C296 454 292 471 292 487 292 504 296 521 308 533L604 854C617 867 629 875 646 875 663 875 679 871 692 858 704 846 713 829 713 812 713 796 708 779 692 767L438 487 692 225C700 217 708 204 708 187 708 171 704 154 692 142 675 129 663 125 646 125Z\"><\/path><\/svg>\t\t\t\t\t<\/div>\n\t\t\t\t\t<div class=\"elementor-swiper-button elementor-swiper-button-next\" role=\"button\" tabindex=\"0\">\n\t\t\t\t\t\t<svg aria-hidden=\"true\" class=\"e-font-icon-svg e-eicon-chevron-right\" viewBox=\"0 0 1000 1000\" xmlns=\"http:\/\/www.w3.org\/2000\/svg\"><path d=\"M696 533C708 521 713 504 713 487 713 471 708 454 696 446L400 146C388 133 375 125 354 125 338 125 325 129 313 142 300 154 292 171 292 187 292 204 296 221 308 233L563 492 304 771C292 783 288 800 288 817 288 833 296 850 308 863 321 871 338 875 354 875 371 875 388 867 400 854L696 533Z\"><\/path><\/svg>\t\t\t\t\t<\/div>\n\t\t\t\t\n\t\t\t\t\t\t\t\t\t<div class=\"swiper-pagination\"><\/div>\n\t\t\t\t\t\t\t\t\t<\/div>\n\t\t\t\t\t\t<\/div>\n\t\t\t\t<\/div>\n\t\t\t\t<div class=\"elementor-element elementor-element-b53ca83 elementor-widget elementor-widget-text-editor\" data-id=\"b53ca83\" data-element_type=\"widget\" data-widget_type=\"text-editor.default\">\n\t\t\t\t<div class=\"elementor-widget-container\">\n\t\t\t\t\t\t\t\t\t<p><strong>Bienvenue chez SAS Viabat, votre partenaire de confiance pour tous vos besoins en pl\u00e2trerie, peinture et isolation.<\/strong><\/p><p><strong>Chez Viabat, nous nous engageons \u00e0 offrir des services de haute qualit\u00e9, r\u00e9alis\u00e9s avec pr\u00e9cision et professionnalisme. Que vous soyez un propri\u00e9taire r\u00e9sidentiel, un entrepreneur commercial ou un responsable de projet industriel, notre \u00e9quipe exp\u00e9riment\u00e9e est l\u00e0 pour r\u00e9pondre \u00e0 vos besoins avec expertise.<\/strong><\/p><p><strong>La pl\u00e2trerie est notre m\u00e9tier, et nous nous effor\u00e7ons de fournir des solutions sur mesure pour chaque projet. De la pr\u00e9paration des surfaces \u00e0 l&#8217;application finale de la peinture, notre attention aux d\u00e9tails et notre savoir-faire garantissent des r\u00e9sultats impeccables \u00e0 chaque \u00e9tape.<\/strong><\/p><p><strong>En tant qu&#8217;experts en isolation, nous comprenons l&#8217;importance de cr\u00e9er des environnements confortables et \u00e9co\u00e9nerg\u00e9tiques. Que ce soit pour une nouvelle construction ou une r\u00e9novation, nous utilisons les mat\u00e9riaux les plus performants pour optimiser l&#8217;efficacit\u00e9 \u00e9nerg\u00e9tique de votre espace.<\/strong><\/p><p><strong>Chez Viabat, la satisfaction du client est notre priorit\u00e9 absolue. Nous travaillons en \u00e9troite collaboration avec vous pour comprendre vos besoins sp\u00e9cifiques et surpasser vos attentes. Notre engagement envers l&#8217;excellence se refl\u00e8te dans chaque projet que nous entreprenons.<\/strong><\/p><p><strong>Explorez notre site pour en savoir plus sur nos services et d\u00e9couvrez comment nous pouvons transformer votre espace. Contactez-nous d\u00e8s aujourd&#8217;hui pour une consultation gratuite et laissez-nous vous aider \u00e0 concr\u00e9tiser votre vision.<\/strong><\/p><p><strong>Bienvenue chez Viabat, o\u00f9 qualit\u00e9, expertise et satisfaction client se rencontrent.<\/strong><\/p>\t\t\t\t\t\t\t\t<\/div>\n\t\t\t\t<\/div>\n\t\t\t\t\t<\/div>\n\t\t\t\t<\/div>\n\t\t<div class=\"elementor-element elementor-element-2ae2b8e e-grid e-con-boxed e-con e-parent\" data-id=\"2ae2b8e\" data-element_type=\"container\">\n\t\t\t\t\t<div class=\"e-con-inner\">\n\t\t\t\t<div class=\"elementor-element elementor-element-89f0ff2 elementor-widget elementor-widget-image-gallery\" data-id=\"89f0ff2\" data-element_type=\"widget\" data-widget_type=\"image-gallery.default\">\n\t\t\t\t<div class=\"elementor-widget-container\">\n\t\t\t\t\t\t\t<div class=\"elementor-image-gallery\">\n\t\t\t<div id='gallery-1' class='gallery galleryid-27 gallery-columns-2 gallery-size-medium_large'><figure class='gallery-item'>\n\t\t\t<div class='gallery-icon portrait'>\n\t\t\t\t<a data-elementor-open-lightbox=\"yes\" data-elementor-lightbox-slideshow=\"89f0ff2\" data-elementor-lightbox-title=\"IMG_5994\" data-e-action-hash=\"#elementor-action%3Aaction%3Dlightbox%26settings%3DeyJpZCI6MTEwLCJ1cmwiOiJodHRwczpcL1wvdmlhYmF0LmZyXC93cC1jb250ZW50XC91cGxvYWRzXC8yMDI0XC8wM1wvSU1HXzU5OTQtc2NhbGVkLmpwZyIsInNsaWRlc2hvdyI6Ijg5ZjBmZjIifQ%3D%3D\" href='https:\/\/viabat.fr\/wp-content\/uploads\/2024\/03\/IMG_5994-scaled.jpg'><img fetchpriority=\"high\" decoding=\"async\" width=\"768\" height=\"1024\" src=\"https:\/\/viabat.fr\/wp-content\/uploads\/2024\/03\/IMG_5994-768x1024.jpg\" class=\"attachment-medium_large size-medium_large\" alt=\"\" srcset=\"https:\/\/viabat.fr\/wp-content\/uploads\/2024\/03\/IMG_5994-768x1024.jpg 768w, https:\/\/viabat.fr\/wp-content\/uploads\/2024\/03\/IMG_5994-225x300.jpg 225w, https:\/\/viabat.fr\/wp-content\/uploads\/2024\/03\/IMG_5994-1152x1536.jpg 1152w, https:\/\/viabat.fr\/wp-content\/uploads\/2024\/03\/IMG_5994-1536x2048.jpg 1536w, https:\/\/viabat.fr\/wp-content\/uploads\/2024\/03\/IMG_5994-scaled.jpg 1920w\" sizes=\"(max-width: 768px) 100vw, 768px\" \/><\/a>\n\t\t\t<\/div><\/figure><figure class='gallery-item'>\n\t\t\t<div class='gallery-icon portrait'>\n\t\t\t\t<a data-elementor-open-lightbox=\"yes\" data-elementor-lightbox-slideshow=\"89f0ff2\" data-elementor-lightbox-title=\"IMG_6234\" data-e-action-hash=\"#elementor-action%3Aaction%3Dlightbox%26settings%3DeyJpZCI6MTExLCJ1cmwiOiJodHRwczpcL1wvdmlhYmF0LmZyXC93cC1jb250ZW50XC91cGxvYWRzXC8yMDI0XC8wM1wvSU1HXzYyMzQtc2NhbGVkLmpwZyIsInNsaWRlc2hvdyI6Ijg5ZjBmZjIifQ%3D%3D\" href='https:\/\/viabat.fr\/wp-content\/uploads\/2024\/03\/IMG_6234-scaled.jpg'><img decoding=\"async\" width=\"768\" height=\"1024\" src=\"https:\/\/viabat.fr\/wp-content\/uploads\/2024\/03\/IMG_6234-768x1024.jpg\" class=\"attachment-medium_large size-medium_large\" alt=\"\" srcset=\"https:\/\/viabat.fr\/wp-content\/uploads\/2024\/03\/IMG_6234-768x1024.jpg 768w, https:\/\/viabat.fr\/wp-content\/uploads\/2024\/03\/IMG_6234-225x300.jpg 225w, https:\/\/viabat.fr\/wp-content\/uploads\/2024\/03\/IMG_6234-1152x1536.jpg 1152w, https:\/\/viabat.fr\/wp-content\/uploads\/2024\/03\/IMG_6234-1536x2048.jpg 1536w, https:\/\/viabat.fr\/wp-content\/uploads\/2024\/03\/IMG_6234-scaled.jpg 1920w\" sizes=\"(max-width: 768px) 100vw, 768px\" \/><\/a>\n\t\t\t<\/div><\/figure><figure class='gallery-item'>\n\t\t\t<div class='gallery-icon portrait'>\n\t\t\t\t<a data-elementor-open-lightbox=\"yes\" data-elementor-lightbox-slideshow=\"89f0ff2\" data-elementor-lightbox-title=\"IMG_6237\" data-e-action-hash=\"#elementor-action%3Aaction%3Dlightbox%26settings%3DeyJpZCI6MTEyLCJ1cmwiOiJodHRwczpcL1wvdmlhYmF0LmZyXC93cC1jb250ZW50XC91cGxvYWRzXC8yMDI0XC8wM1wvSU1HXzYyMzctc2NhbGVkLmpwZyIsInNsaWRlc2hvdyI6Ijg5ZjBmZjIifQ%3D%3D\" href='https:\/\/viabat.fr\/wp-content\/uploads\/2024\/03\/IMG_6237-scaled.jpg'><img decoding=\"async\" width=\"768\" height=\"1024\" src=\"https:\/\/viabat.fr\/wp-content\/uploads\/2024\/03\/IMG_6237-768x1024.jpg\" class=\"attachment-medium_large size-medium_large\" alt=\"\" srcset=\"https:\/\/viabat.fr\/wp-content\/uploads\/2024\/03\/IMG_6237-768x1024.jpg 768w, https:\/\/viabat.fr\/wp-content\/uploads\/2024\/03\/IMG_6237-225x300.jpg 225w, https:\/\/viabat.fr\/wp-content\/uploads\/2024\/03\/IMG_6237-1152x1536.jpg 1152w, https:\/\/viabat.fr\/wp-content\/uploads\/2024\/03\/IMG_6237-1536x2048.jpg 1536w, https:\/\/viabat.fr\/wp-content\/uploads\/2024\/03\/IMG_6237-scaled.jpg 1920w\" sizes=\"(max-width: 768px) 100vw, 768px\" \/><\/a>\n\t\t\t<\/div><\/figure><figure class='gallery-item'>\n\t\t\t<div class='gallery-icon portrait'>\n\t\t\t\t<a data-elementor-open-lightbox=\"yes\" data-elementor-lightbox-slideshow=\"89f0ff2\" data-elementor-lightbox-title=\"IMG_7627\" data-e-action-hash=\"#elementor-action%3Aaction%3Dlightbox%26settings%3DeyJpZCI6MTE0LCJ1cmwiOiJodHRwczpcL1wvdmlhYmF0LmZyXC93cC1jb250ZW50XC91cGxvYWRzXC8yMDI0XC8wM1wvSU1HXzc2Mjctc2NhbGVkLmpwZyIsInNsaWRlc2hvdyI6Ijg5ZjBmZjIifQ%3D%3D\" href='https:\/\/viabat.fr\/wp-content\/uploads\/2024\/03\/IMG_7627-scaled.jpg'><img loading=\"lazy\" decoding=\"async\" width=\"768\" height=\"1024\" src=\"https:\/\/viabat.fr\/wp-content\/uploads\/2024\/03\/IMG_7627-768x1024.jpg\" class=\"attachment-medium_large size-medium_large\" alt=\"\" srcset=\"https:\/\/viabat.fr\/wp-content\/uploads\/2024\/03\/IMG_7627-768x1024.jpg 768w, https:\/\/viabat.fr\/wp-content\/uploads\/2024\/03\/IMG_7627-225x300.jpg 225w, https:\/\/viabat.fr\/wp-content\/uploads\/2024\/03\/IMG_7627-1152x1536.jpg 1152w, https:\/\/viabat.fr\/wp-content\/uploads\/2024\/03\/IMG_7627-1536x2048.jpg 1536w, https:\/\/viabat.fr\/wp-content\/uploads\/2024\/03\/IMG_7627-scaled.jpg 1920w\" sizes=\"(max-width: 768px) 100vw, 768px\" \/><\/a>\n\t\t\t<\/div><\/figure><figure class='gallery-item'>\n\t\t\t<div class='gallery-icon portrait'>\n\t\t\t\t<a data-elementor-open-lightbox=\"yes\" data-elementor-lightbox-slideshow=\"89f0ff2\" data-elementor-lightbox-title=\"IMG_7633\" data-e-action-hash=\"#elementor-action%3Aaction%3Dlightbox%26settings%3DeyJpZCI6MTE1LCJ1cmwiOiJodHRwczpcL1wvdmlhYmF0LmZyXC93cC1jb250ZW50XC91cGxvYWRzXC8yMDI0XC8wM1wvSU1HXzc2MzMtc2NhbGVkLmpwZyIsInNsaWRlc2hvdyI6Ijg5ZjBmZjIifQ%3D%3D\" href='https:\/\/viabat.fr\/wp-content\/uploads\/2024\/03\/IMG_7633-scaled.jpg'><img loading=\"lazy\" decoding=\"async\" width=\"768\" height=\"1024\" src=\"https:\/\/viabat.fr\/wp-content\/uploads\/2024\/03\/IMG_7633-768x1024.jpg\" class=\"attachment-medium_large size-medium_large\" alt=\"\" srcset=\"https:\/\/viabat.fr\/wp-content\/uploads\/2024\/03\/IMG_7633-768x1024.jpg 768w, https:\/\/viabat.fr\/wp-content\/uploads\/2024\/03\/IMG_7633-225x300.jpg 225w, https:\/\/viabat.fr\/wp-content\/uploads\/2024\/03\/IMG_7633-1152x1536.jpg 1152w, https:\/\/viabat.fr\/wp-content\/uploads\/2024\/03\/IMG_7633-1536x2048.jpg 1536w, https:\/\/viabat.fr\/wp-content\/uploads\/2024\/03\/IMG_7633-scaled.jpg 1920w\" sizes=\"(max-width: 768px) 100vw, 768px\" \/><\/a>\n\t\t\t<\/div><\/figure><figure class='gallery-item'>\n\t\t\t<div class='gallery-icon portrait'>\n\t\t\t\t<a data-elementor-open-lightbox=\"yes\" data-elementor-lightbox-slideshow=\"89f0ff2\" data-elementor-lightbox-title=\"1f376153-6a6f-43f8-a215-27650e6aa2d8\" data-e-action-hash=\"#elementor-action%3Aaction%3Dlightbox%26settings%3DeyJpZCI6MTQxLCJ1cmwiOiJodHRwczpcL1wvdmlhYmF0LmZyXC93cC1jb250ZW50XC91cGxvYWRzXC8yMDI1XC8wMlwvMWYzNzYxNTMtNmE2Zi00M2Y4LWEyMTUtMjc2NTBlNmFhMmQ4LmpwZWciLCJzbGlkZXNob3ciOiI4OWYwZmYyIn0%3D\" href='https:\/\/viabat.fr\/wp-content\/uploads\/2025\/02\/1f376153-6a6f-43f8-a215-27650e6aa2d8.jpeg'><img loading=\"lazy\" decoding=\"async\" width=\"739\" height=\"1600\" src=\"https:\/\/viabat.fr\/wp-content\/uploads\/2025\/02\/1f376153-6a6f-43f8-a215-27650e6aa2d8.jpeg\" class=\"attachment-medium_large size-medium_large\" alt=\"\" srcset=\"https:\/\/viabat.fr\/wp-content\/uploads\/2025\/02\/1f376153-6a6f-43f8-a215-27650e6aa2d8.jpeg 739w, https:\/\/viabat.fr\/wp-content\/uploads\/2025\/02\/1f376153-6a6f-43f8-a215-27650e6aa2d8-139x300.jpeg 139w, https:\/\/viabat.fr\/wp-content\/uploads\/2025\/02\/1f376153-6a6f-43f8-a215-27650e6aa2d8-473x1024.jpeg 473w, https:\/\/viabat.fr\/wp-content\/uploads\/2025\/02\/1f376153-6a6f-43f8-a215-27650e6aa2d8-709x1536.jpeg 709w\" sizes=\"(max-width: 739px) 100vw, 739px\" \/><\/a>\n\t\t\t<\/div><\/figure><figure class='gallery-item'>\n\t\t\t<div class='gallery-icon portrait'>\n\t\t\t\t<a data-elementor-open-lightbox=\"yes\" data-elementor-lightbox-slideshow=\"89f0ff2\" data-elementor-lightbox-title=\"37e39826-c213-4cee-aa24-d2f25af8a052 (1)\" data-e-action-hash=\"#elementor-action%3Aaction%3Dlightbox%26settings%3DeyJpZCI6MTQyLCJ1cmwiOiJodHRwczpcL1wvdmlhYmF0LmZyXC93cC1jb250ZW50XC91cGxvYWRzXC8yMDI1XC8wMlwvMzdlMzk4MjYtYzIxMy00Y2VlLWFhMjQtZDJmMjVhZjhhMDUyLTEtMS5qcGVnIiwic2xpZGVzaG93IjoiODlmMGZmMiJ9\" href='https:\/\/viabat.fr\/wp-content\/uploads\/2025\/02\/37e39826-c213-4cee-aa24-d2f25af8a052-1-1.jpeg'><img loading=\"lazy\" decoding=\"async\" width=\"739\" height=\"1600\" src=\"https:\/\/viabat.fr\/wp-content\/uploads\/2025\/02\/37e39826-c213-4cee-aa24-d2f25af8a052-1-1.jpeg\" class=\"attachment-medium_large size-medium_large\" alt=\"\" srcset=\"https:\/\/viabat.fr\/wp-content\/uploads\/2025\/02\/37e39826-c213-4cee-aa24-d2f25af8a052-1-1.jpeg 739w, https:\/\/viabat.fr\/wp-content\/uploads\/2025\/02\/37e39826-c213-4cee-aa24-d2f25af8a052-1-1-139x300.jpeg 139w, https:\/\/viabat.fr\/wp-content\/uploads\/2025\/02\/37e39826-c213-4cee-aa24-d2f25af8a052-1-1-473x1024.jpeg 473w, https:\/\/viabat.fr\/wp-content\/uploads\/2025\/02\/37e39826-c213-4cee-aa24-d2f25af8a052-1-1-709x1536.jpeg 709w\" sizes=\"(max-width: 739px) 100vw, 739px\" \/><\/a>\n\t\t\t<\/div><\/figure><figure class='gallery-item'>\n\t\t\t<div class='gallery-icon portrait'>\n\t\t\t\t<a data-elementor-open-lightbox=\"yes\" data-elementor-lightbox-slideshow=\"89f0ff2\" data-elementor-lightbox-title=\"IMG_7990\" data-e-action-hash=\"#elementor-action%3Aaction%3Dlightbox%26settings%3DeyJpZCI6MTQzLCJ1cmwiOiJodHRwczpcL1wvdmlhYmF0LmZyXC93cC1jb250ZW50XC91cGxvYWRzXC8yMDI1XC8wMlwvSU1HXzc5OTAuanBlZyIsInNsaWRlc2hvdyI6Ijg5ZjBmZjIifQ%3D%3D\" href='https:\/\/viabat.fr\/wp-content\/uploads\/2025\/02\/IMG_7990.jpeg'><img loading=\"lazy\" decoding=\"async\" width=\"768\" height=\"1365\" src=\"https:\/\/viabat.fr\/wp-content\/uploads\/2025\/02\/IMG_7990-768x1365.jpeg\" class=\"attachment-medium_large size-medium_large\" alt=\"\" srcset=\"https:\/\/viabat.fr\/wp-content\/uploads\/2025\/02\/IMG_7990-768x1365.jpeg 768w, https:\/\/viabat.fr\/wp-content\/uploads\/2025\/02\/IMG_7990-169x300.jpeg 169w, https:\/\/viabat.fr\/wp-content\/uploads\/2025\/02\/IMG_7990-576x1024.jpeg 576w, https:\/\/viabat.fr\/wp-content\/uploads\/2025\/02\/IMG_7990-864x1536.jpeg 864w, https:\/\/viabat.fr\/wp-content\/uploads\/2025\/02\/IMG_7990-1152x2048.jpeg 1152w, https:\/\/viabat.fr\/wp-content\/uploads\/2025\/02\/IMG_7990.jpeg 1242w\" sizes=\"(max-width: 768px) 100vw, 768px\" \/><\/a>\n\t\t\t<\/div><\/figure><figure class='gallery-item'>\n\t\t\t<div class='gallery-icon portrait'>\n\t\t\t\t<a data-elementor-open-lightbox=\"yes\" data-elementor-lightbox-slideshow=\"89f0ff2\" data-elementor-lightbox-title=\"IMG_8525\" data-e-action-hash=\"#elementor-action%3Aaction%3Dlightbox%26settings%3DeyJpZCI6MTQ0LCJ1cmwiOiJodHRwczpcL1wvdmlhYmF0LmZyXC93cC1jb250ZW50XC91cGxvYWRzXC8yMDI1XC8wMlwvSU1HXzg1MjUtc2NhbGVkLmpwZWciLCJzbGlkZXNob3ciOiI4OWYwZmYyIn0%3D\" href='https:\/\/viabat.fr\/wp-content\/uploads\/2025\/02\/IMG_8525-scaled.jpeg'><img loading=\"lazy\" decoding=\"async\" width=\"768\" height=\"1024\" src=\"https:\/\/viabat.fr\/wp-content\/uploads\/2025\/02\/IMG_8525-768x1024.jpeg\" class=\"attachment-medium_large size-medium_large\" alt=\"\" srcset=\"https:\/\/viabat.fr\/wp-content\/uploads\/2025\/02\/IMG_8525-768x1024.jpeg 768w, https:\/\/viabat.fr\/wp-content\/uploads\/2025\/02\/IMG_8525-225x300.jpeg 225w, https:\/\/viabat.fr\/wp-content\/uploads\/2025\/02\/IMG_8525-1152x1536.jpeg 1152w, https:\/\/viabat.fr\/wp-content\/uploads\/2025\/02\/IMG_8525-1536x2048.jpeg 1536w, https:\/\/viabat.fr\/wp-content\/uploads\/2025\/02\/IMG_8525-scaled.jpeg 1920w\" sizes=\"(max-width: 768px) 100vw, 768px\" \/><\/a>\n\t\t\t<\/div><\/figure><figure class='gallery-item'>\n\t\t\t<div class='gallery-icon portrait'>\n\t\t\t\t<a data-elementor-open-lightbox=\"yes\" data-elementor-lightbox-slideshow=\"89f0ff2\" data-elementor-lightbox-title=\"IMG_7987\" data-e-action-hash=\"#elementor-action%3Aaction%3Dlightbox%26settings%3DeyJpZCI6MTQ1LCJ1cmwiOiJodHRwczpcL1wvdmlhYmF0LmZyXC93cC1jb250ZW50XC91cGxvYWRzXC8yMDI1XC8wMlwvSU1HXzc5ODctc2NhbGVkLmpwZWciLCJzbGlkZXNob3ciOiI4OWYwZmYyIn0%3D\" href='https:\/\/viabat.fr\/wp-content\/uploads\/2025\/02\/IMG_7987-scaled.jpeg'><img loading=\"lazy\" decoding=\"async\" width=\"768\" height=\"1024\" src=\"https:\/\/viabat.fr\/wp-content\/uploads\/2025\/02\/IMG_7987-768x1024.jpeg\" class=\"attachment-medium_large size-medium_large\" alt=\"\" srcset=\"https:\/\/viabat.fr\/wp-content\/uploads\/2025\/02\/IMG_7987-768x1024.jpeg 768w, https:\/\/viabat.fr\/wp-content\/uploads\/2025\/02\/IMG_7987-225x300.jpeg 225w, https:\/\/viabat.fr\/wp-content\/uploads\/2025\/02\/IMG_7987-1152x1536.jpeg 1152w, https:\/\/viabat.fr\/wp-content\/uploads\/2025\/02\/IMG_7987-1536x2048.jpeg 1536w, https:\/\/viabat.fr\/wp-content\/uploads\/2025\/02\/IMG_7987-scaled.jpeg 1920w\" sizes=\"(max-width: 768px) 100vw, 768px\" \/><\/a>\n\t\t\t<\/div><\/figure>\n\t\t<\/div>\n\t\t<\/div>\n\t\t\t\t\t\t<\/div>\n\t\t\t\t<\/div>\n\t\t\t\t\t<\/div>\n\t\t\t\t<\/div>\n\t\t\t\t<\/div>\n\t\t","protected":false},"excerpt":{"rendered":"<p>Bienvenue chez SAS Viabat, votre partenaire de confiance pour tous vos besoins en pl\u00e2trerie, peinture et isolation. Chez Viabat, nous nous engageons \u00e0 offrir des services de haute qualit\u00e9, r\u00e9alis\u00e9s avec pr\u00e9cision et professionnalisme. Que vous soyez un propri\u00e9taire r\u00e9sidentiel, un entrepreneur commercial ou un responsable de projet industriel, notre \u00e9quipe exp\u00e9riment\u00e9e est l\u00e0 pour [&hellip;]<\/p>\n","protected":false},"author":1,"featured_media":0,"parent":0,"menu_order":0,"comment_status":"closed","ping_status":"closed","template":"elementor_theme","meta":{"ocean_post_layout":"","ocean_both_sidebars_style":"","ocean_both_sidebars_content_width":0,"ocean_both_sidebars_sidebars_width":0,"ocean_sidebar":"","ocean_second_sidebar":"","ocean_disable_margins":"enable","ocean_add_body_class":"","ocean_shortcode_before_top_bar":"","ocean_shortcode_after_top_bar":"","ocean_shortcode_before_header":"","ocean_shortcode_after_header":"","ocean_has_shortcode":"","ocean_shortcode_after_title":"","ocean_shortcode_before_footer_widgets":"","ocean_shortcode_after_footer_widgets":"","ocean_shortcode_before_footer_bottom":"","ocean_shortcode_after_footer_bottom":"","ocean_display_top_bar":"default","ocean_display_header":"default","ocean_header_style":"","ocean_center_header_left_menu":"","ocean_custom_header_template":"","ocean_custom_logo":0,"ocean_custom_retina_logo":0,"ocean_custom_logo_max_width":0,"ocean_custom_logo_tablet_max_width":0,"ocean_custom_logo_mobile_max_width":0,"ocean_custom_logo_max_height":0,"ocean_custom_logo_tablet_max_height":0,"ocean_custom_logo_mobile_max_height":0,"ocean_header_custom_menu":"","ocean_menu_typo_font_family":"","ocean_menu_typo_font_subset":"","ocean_menu_typo_font_size":0,"ocean_menu_typo_font_size_tablet":0,"ocean_menu_typo_font_size_mobile":0,"ocean_menu_typo_font_size_unit":"px","ocean_menu_typo_font_weight":"","ocean_menu_typo_font_weight_tablet":"","ocean_menu_typo_font_weight_mobile":"","ocean_menu_typo_transform":"","ocean_menu_typo_transform_tablet":"","ocean_menu_typo_transform_mobile":"","ocean_menu_typo_line_height":0,"ocean_menu_typo_line_height_tablet":0,"ocean_menu_typo_line_height_mobile":0,"ocean_menu_typo_line_height_unit":"","ocean_menu_typo_spacing":0,"ocean_menu_typo_spacing_tablet":0,"ocean_menu_typo_spacing_mobile":0,"ocean_menu_typo_spacing_unit":"","ocean_menu_link_color":"","ocean_menu_link_color_hover":"","ocean_menu_link_color_active":"","ocean_menu_link_background":"","ocean_menu_link_hover_background":"","ocean_menu_link_active_background":"","ocean_menu_social_links_bg":"","ocean_menu_social_hover_links_bg":"","ocean_menu_social_links_color":"","ocean_menu_social_hover_links_color":"","ocean_disable_title":"default","ocean_disable_heading":"default","ocean_post_title":"","ocean_post_subheading":"","ocean_post_title_style":"","ocean_post_title_background_color":"","ocean_post_title_background":0,"ocean_post_title_bg_image_position":"","ocean_post_title_bg_image_attachment":"","ocean_post_title_bg_image_repeat":"","ocean_post_title_bg_image_size":"","ocean_post_title_height":0,"ocean_post_title_bg_overlay":0.5,"ocean_post_title_bg_overlay_color":"","ocean_disable_breadcrumbs":"default","ocean_breadcrumbs_color":"","ocean_breadcrumbs_separator_color":"","ocean_breadcrumbs_links_color":"","ocean_breadcrumbs_links_hover_color":"","ocean_display_footer_widgets":"default","ocean_display_footer_bottom":"default","ocean_custom_footer_template":"","footnotes":""},"_links":{"self":[{"href":"https:\/\/viabat.fr\/index.php?rest_route=\/wp\/v2\/pages\/27"}],"collection":[{"href":"https:\/\/viabat.fr\/index.php?rest_route=\/wp\/v2\/pages"}],"about":[{"href":"https:\/\/viabat.fr\/index.php?rest_route=\/wp\/v2\/types\/page"}],"author":[{"embeddable":true,"href":"https:\/\/viabat.fr\/index.php?rest_route=\/wp\/v2\/users\/1"}],"replies":[{"embeddable":true,"href":"https:\/\/viabat.fr\/index.php?rest_route=%2Fwp%2Fv2%2Fcomments&post=27"}],"version-history":[{"count":32,"href":"https:\/\/viabat.fr\/index.php?rest_route=\/wp\/v2\/pages\/27\/revisions"}],"predecessor-version":[{"id":148,"href":"https:\/\/viabat.fr\/index.php?rest_route=\/wp\/v2\/pages\/27\/revisions\/148"}],"wp:attachment":[{"href":"https:\/\/viabat.fr\/index.php?rest_route=%2Fwp%2Fv2%2Fmedia&parent=27"}],"curies":[{"name":"wp","href":"https:\/\/api.w.org\/{rel}","templated":true}]}}