{"id":37,"date":"2024-03-16T23:41:24","date_gmt":"2024-03-16T22:41:24","guid":{"rendered":"https:\/\/viabat.fr\/?page_id=37"},"modified":"2025-02-27T20:26:57","modified_gmt":"2025-02-27T19:26:57","slug":"qui-somme-nous","status":"publish","type":"page","link":"https:\/\/viabat.fr\/?page_id=37","title":{"rendered":"Qui sommes-nous?"},"content":{"rendered":"\t\t<div data-elementor-type=\"wp-page\" data-elementor-id=\"37\" class=\"elementor elementor-37\">\n\t\t\t\t<div class=\"elementor-element elementor-element-cf5e697 e-grid e-con-boxed e-con e-parent\" data-id=\"cf5e697\" data-element_type=\"container\">\n\t\t\t\t\t<div class=\"e-con-inner\">\n\t\t\t\t<div class=\"elementor-element elementor-element-82af31a elementor-widget elementor-widget-image\" data-id=\"82af31a\" data-element_type=\"widget\" data-widget_type=\"image.default\">\n\t\t\t\t<div class=\"elementor-widget-container\">\n\t\t\t\t\t\t\t\t\t\t\t\t\t\t\t<img fetchpriority=\"high\" decoding=\"async\" width=\"2400\" height=\"2911\" src=\"https:\/\/viabat.fr\/wp-content\/uploads\/2024\/03\/logo_qualibat-rge-hd.png\" class=\"attachment-full size-full wp-image-76\" alt=\"\" srcset=\"https:\/\/viabat.fr\/wp-content\/uploads\/2024\/03\/logo_qualibat-rge-hd.png 2400w, https:\/\/viabat.fr\/wp-content\/uploads\/2024\/03\/logo_qualibat-rge-hd-247x300.png 247w, https:\/\/viabat.fr\/wp-content\/uploads\/2024\/03\/logo_qualibat-rge-hd-844x1024.png 844w, https:\/\/viabat.fr\/wp-content\/uploads\/2024\/03\/logo_qualibat-rge-hd-768x932.png 768w, https:\/\/viabat.fr\/wp-content\/uploads\/2024\/03\/logo_qualibat-rge-hd-1266x1536.png 1266w, https:\/\/viabat.fr\/wp-content\/uploads\/2024\/03\/logo_qualibat-rge-hd-1688x2048.png 1688w\" sizes=\"(max-width: 2400px) 100vw, 2400px\" \/>\t\t\t\t\t\t\t\t\t\t\t\t\t\t\t<\/div>\n\t\t\t\t<\/div>\n\t\t\t\t<div class=\"elementor-element elementor-element-7aa08d9 elementor-widget elementor-widget-text-editor\" data-id=\"7aa08d9\" data-element_type=\"widget\" data-widget_type=\"text-editor.default\">\n\t\t\t\t<div class=\"elementor-widget-container\">\n\t\t\t\t\t\t\t\t\t<p>\u00a0<\/p><ul><li>\u00a0Viabat &#8211; Votre partenaire pl\u00e2trerie de confiance ! Chez Viabat, nous sommes fiers d&#8217;\u00eatre une entreprise de pl\u00e2trerie qualifi\u00e9e RGE Qualibat. Avec notre expertise et notre engagement envers la qualit\u00e9, nous offrons des services professionnels pour tous vos besoins en pl\u00e2trerie. Notre \u00e9quipe exp\u00e9riment\u00e9e est sp\u00e9cialis\u00e9e dans la pose de pl\u00e2tre, l&#8217;isolation thermique, l&#8217;am\u00e9nagement int\u00e9rieur et bien plus encore. Nous mettons tout en \u0153uvre pour vous fournir des solutions sur mesure, adapt\u00e9es \u00e0 vos besoins sp\u00e9cifiques. En choisissant Viabat, vous b\u00e9n\u00e9ficiez d&#8217;un travail de haute qualit\u00e9, respectant les normes les plus strictes de l&#8217;industrie. Nous utilisons des mat\u00e9riaux de premi\u00e8re qualit\u00e9 et des techniques avanc\u00e9es pour vous garantir des r\u00e9sultats durables et esth\u00e9tiques. Nous sommes fiers de notre certification RGE Qualibat, qui atteste de notre engagement en faveur de l&#8217;efficacit\u00e9 \u00e9nerg\u00e9tique et de la pr\u00e9servation de l&#8217;environnement. En travaillant avec nous, vous contribuez \u00e9galement \u00e0 r\u00e9duire votre empreinte carbone. N&#8217;h\u00e9sitez pas \u00e0 parcourir notre galerie de photos pour d\u00e9couvrir nos r\u00e9alisations pr\u00e9c\u00e9dentes. Nous sommes impatients de vous aider \u00e0 concr\u00e9tiser vos projets de pl\u00e2trerie, qu&#8217;il s&#8217;agisse de r\u00e9novations r\u00e9sidentielles ou de projets commerciaux. Contactez-nous d\u00e8s aujourd&#8217;hui pour discuter de vos besoins et recevoir un devis personnalis\u00e9. Chez Viabat, nous sommes l\u00e0 pour vous accompagner \u00e0 chaque \u00e9tape de votre projet de pl\u00e2trerie. Faites confiance \u00e0 notre expertise et \u00e0 notre savoir-faire pour des r\u00e9sultats exceptionnels ! Viabat &#8211; Votre partenaire pl\u00e2trerie de confiance, certifi\u00e9 RGE Qualibat.<\/li><\/ul>\t\t\t\t\t\t\t\t<\/div>\n\t\t\t\t<\/div>\n\t\t\t\t\t<\/div>\n\t\t\t\t<\/div>\n\t\t\t\t<\/div>\n\t\t","protected":false},"excerpt":{"rendered":"<p>\u00a0 \u00a0Viabat &#8211; Votre partenaire pl\u00e2trerie de confiance ! Chez Viabat, nous sommes fiers d&#8217;\u00eatre une entreprise de pl\u00e2trerie qualifi\u00e9e RGE Qualibat. Avec notre expertise et notre engagement envers la qualit\u00e9, nous offrons des services professionnels pour tous vos besoins en pl\u00e2trerie. Notre \u00e9quipe exp\u00e9riment\u00e9e est sp\u00e9cialis\u00e9e dans la pose de pl\u00e2tre, l&#8217;isolation thermique, l&#8217;am\u00e9nagement [&hellip;]<\/p>\n","protected":false},"author":1,"featured_media":0,"parent":0,"menu_order":0,"comment_status":"closed","ping_status":"closed","template":"","meta":{"ocean_post_layout":"","ocean_both_sidebars_style":"","ocean_both_sidebars_content_width":0,"ocean_both_sidebars_sidebars_width":0,"ocean_sidebar":"","ocean_second_sidebar":"","ocean_disable_margins":"enable","ocean_add_body_class":"","ocean_shortcode_before_top_bar":"","ocean_shortcode_after_top_bar":"","ocean_shortcode_before_header":"","ocean_shortcode_after_header":"","ocean_has_shortcode":"","ocean_shortcode_after_title":"","ocean_shortcode_before_footer_widgets":"","ocean_shortcode_after_footer_widgets":"","ocean_shortcode_before_footer_bottom":"","ocean_shortcode_after_footer_bottom":"","ocean_display_top_bar":"default","ocean_display_header":"default","ocean_header_style":"","ocean_center_header_left_menu":"","ocean_custom_header_template":"","ocean_custom_logo":0,"ocean_custom_retina_logo":0,"ocean_custom_logo_max_width":0,"ocean_custom_logo_tablet_max_width":0,"ocean_custom_logo_mobile_max_width":0,"ocean_custom_logo_max_height":0,"ocean_custom_logo_tablet_max_height":0,"ocean_custom_logo_mobile_max_height":0,"ocean_header_custom_menu":"","ocean_menu_typo_font_family":"","ocean_menu_typo_font_subset":"","ocean_menu_typo_font_size":0,"ocean_menu_typo_font_size_tablet":0,"ocean_menu_typo_font_size_mobile":0,"ocean_menu_typo_font_size_unit":"px","ocean_menu_typo_font_weight":"","ocean_menu_typo_font_weight_tablet":"","ocean_menu_typo_font_weight_mobile":"","ocean_menu_typo_transform":"","ocean_menu_typo_transform_tablet":"","ocean_menu_typo_transform_mobile":"","ocean_menu_typo_line_height":0,"ocean_menu_typo_line_height_tablet":0,"ocean_menu_typo_line_height_mobile":0,"ocean_menu_typo_line_height_unit":"","ocean_menu_typo_spacing":0,"ocean_menu_typo_spacing_tablet":0,"ocean_menu_typo_spacing_mobile":0,"ocean_menu_typo_spacing_unit":"","ocean_menu_link_color":"","ocean_menu_link_color_hover":"","ocean_menu_link_color_active":"","ocean_menu_link_background":"","ocean_menu_link_hover_background":"","ocean_menu_link_active_background":"","ocean_menu_social_links_bg":"","ocean_menu_social_hover_links_bg":"","ocean_menu_social_links_color":"","ocean_menu_social_hover_links_color":"","ocean_disable_title":"default","ocean_disable_heading":"default","ocean_post_title":"","ocean_post_subheading":"","ocean_post_title_style":"","ocean_post_title_background_color":"","ocean_post_title_background":0,"ocean_post_title_bg_image_position":"","ocean_post_title_bg_image_attachment":"","ocean_post_title_bg_image_repeat":"","ocean_post_title_bg_image_size":"","ocean_post_title_height":0,"ocean_post_title_bg_overlay":0.5,"ocean_post_title_bg_overlay_color":"","ocean_disable_breadcrumbs":"default","ocean_breadcrumbs_color":"","ocean_breadcrumbs_separator_color":"","ocean_breadcrumbs_links_color":"","ocean_breadcrumbs_links_hover_color":"","ocean_display_footer_widgets":"default","ocean_display_footer_bottom":"default","ocean_custom_footer_template":"","footnotes":""},"_links":{"self":[{"href":"https:\/\/viabat.fr\/index.php?rest_route=\/wp\/v2\/pages\/37"}],"collection":[{"href":"https:\/\/viabat.fr\/index.php?rest_route=\/wp\/v2\/pages"}],"about":[{"href":"https:\/\/viabat.fr\/index.php?rest_route=\/wp\/v2\/types\/page"}],"author":[{"embeddable":true,"href":"https:\/\/viabat.fr\/index.php?rest_route=\/wp\/v2\/users\/1"}],"replies":[{"embeddable":true,"href":"https:\/\/viabat.fr\/index.php?rest_route=%2Fwp%2Fv2%2Fcomments&post=37"}],"version-history":[{"count":38,"href":"https:\/\/viabat.fr\/index.php?rest_route=\/wp\/v2\/pages\/37\/revisions"}],"predecessor-version":[{"id":154,"href":"https:\/\/viabat.fr\/index.php?rest_route=\/wp\/v2\/pages\/37\/revisions\/154"}],"wp:attachment":[{"href":"https:\/\/viabat.fr\/index.php?rest_route=%2Fwp%2Fv2%2Fmedia&parent=37"}],"curies":[{"name":"wp","href":"https:\/\/api.w.org\/{rel}","templated":true}]}}